{"id":15,"date":"2021-07-04T14:28:23","date_gmt":"2021-07-04T14:28:23","guid":{"rendered":"http:\/\/www.robloxkodlama.com\/?page_id=15"},"modified":"2021-09-24T10:38:00","modified_gmt":"2021-09-24T10:38:00","slug":"roblox-dersleri","status":"publish","type":"page","link":"http:\/\/www.robloxkodlama.com\/index.php\/roblox-dersleri\/","title":{"rendered":"Roblox Dersleri"},"content":{"rendered":"\n<h2 class=\"wp-block-heading\"><br>E\u011fitim Serisi<\/h2>\n\n\n\n<p><br>Roblox platformunu kullanarak kod yazmay\u0131, yeni d\u00fcnyalar tasarlamay\u0131 ve giri\u015fimcilik becerilerini \u00f6\u011frenmeyi \u00f6\u011freten ad\u0131m ad\u0131m projeler. Bu materyaller Creative Commons Lisans\u0131 alt\u0131nda payla\u015f\u0131l\u0131r ve t\u00fcm e\u011fitimcilerin bunlar\u0131 indirmeleri ve gerekti\u011finde uyarlamalar\u0131 \u00f6nerilir.<\/p>\n\n\n\n<hr class=\"wp-block-separator has-text-color has-background has-luminous-vivid-amber-background-color has-luminous-vivid-amber-color is-style-wide\"\/>\n\n\n\n<div class=\"wp-block-columns is-layout-flex wp-container-core-columns-is-layout-1 wp-block-columns-is-layout-flex\">\n<div class=\"wp-block-column is-vertically-aligned-center is-layout-flow wp-block-column-is-layout-flow\">\n<h3 class=\"has-text-align-center wp-block-heading\">Roblox St\u00fcdyo&#8217;ya Giri\u015f<\/h3>\n\n\n\n<div class=\"wp-block-image\"><figure class=\"aligncenter size-large\"><a href=\"http:\/\/www.robloxkodlama.com\/index.php\/2021\/07\/04\/roblox-studyoya-giris\/\"><img decoding=\"async\" src=\"https:\/\/d5m0vnpvja3z4.cloudfront.net\/assets\/bltf0340b23a9bf7321\/introToStudio_thumbnail.jpg\" alt=\"\"\/><\/a><figcaption>Ders \u0130\u00e7eri\u011fi \u0130\u00e7in G\u00f6rsele T\u0131klay\u0131n<\/figcaption><\/figure><\/div>\n<\/div>\n\n\n\n<div class=\"wp-block-column is-layout-flow wp-block-column-is-layout-flow\">\n<h3 class=\"has-text-align-center wp-block-heading\">D\u00fcnya \u0130n\u015fas\u0131na Giri\u015f<\/h3>\n\n\n\n<div class=\"wp-block-image\"><figure class=\"aligncenter size-large\"><a href=\"http:\/\/www.robloxkodlama.com\/index.php\/2021\/07\/04\/dunya-insasina-giris\/\"><img decoding=\"async\" src=\"https:\/\/d5m0vnpvja3z4.cloudfront.net\/assets\/blted61499e6bef1354\/worldbuilding_thumbnail.jpg\" alt=\"\"\/><\/a><figcaption>Ders \u0130\u00e7eri\u011fi \u0130\u00e7in G\u00f6rsele T\u0131klay\u0131n<\/figcaption><\/figure><\/div>\n<\/div>\n\n\n\n<div class=\"wp-block-column is-layout-flow wp-block-column-is-layout-flow\">\n<h3 class=\"has-text-align-center wp-block-heading\">Lua Diline Giri\u015f<\/h3>\n\n\n\n<div class=\"wp-block-image\"><figure class=\"aligncenter size-large\"><a href=\"http:\/\/www.robloxkodlama.com\/index.php\/2021\/07\/04\/lua-diline-giris\/\"><img decoding=\"async\" src=\"https:\/\/d5m0vnpvja3z4.cloudfront.net\/assets\/bltb4aab5fc4edb073a\/thumbnail_stringVariables_312x200.jpg\" alt=\"\"\/><\/a><figcaption>Ders \u0130\u00e7eri\u011fi \u0130\u00e7in G\u00f6rsele T\u0131klay\u0131n<\/figcaption><\/figure><\/div>\n<\/div>\n<\/div>\n\n\n\n<div class=\"wp-block-columns is-layout-flex wp-container-core-columns-is-layout-2 wp-block-columns-is-layout-flex\">\n<div class=\"wp-block-column is-layout-flow wp-block-column-is-layout-flow\">\n<h3 class=\"has-text-align-center wp-block-heading\">D\u00fcnya \u0130n\u015fas\u0131na Giri\u015f 2<\/h3>\n\n\n\n<div class=\"wp-block-image\"><figure class=\"aligncenter size-large\"><a href=\"https:\/\/www.atolyevizyon.com\/kurtkoy-sube\/\"><img decoding=\"async\" src=\"https:\/\/d5m0vnpvja3z4.cloudfront.net\/assets\/blted61499e6bef1354\/worldbuilding_thumbnail.jpg\" alt=\"\"\/><\/a><figcaption>Ders \u0130\u00e7eri\u011fi \u0130\u00e7in G\u00f6rsele T\u0131klay\u0131n<\/figcaption><\/figure><\/div>\n<\/div>\n\n\n\n<div class=\"wp-block-column is-layout-flow wp-block-column-is-layout-flow\">\n<h3 class=\"has-text-align-center wp-block-heading\">Lua Dili 2<\/h3>\n\n\n\n<div class=\"wp-block-image\"><figure class=\"aligncenter size-large\"><img decoding=\"async\" src=\"https:\/\/d5m0vnpvja3z4.cloudfront.net\/assets\/blt2e4c04c7821e7b2e\/MultipleParametersThumbnail.png\" alt=\"\"\/><figcaption>Ders \u0130\u00e7eri\u011fi \u0130\u00e7in G\u00f6rsele T\u0131klay\u0131n<\/figcaption><\/figure><\/div>\n<\/div>\n\n\n\n<div class=\"wp-block-column is-vertically-aligned-center is-layout-flow wp-block-column-is-layout-flow\">\n<h3 class=\"has-text-align-center wp-block-heading\">D\u00fcnya \u0130n\u015fas\u0131na Giri\u015f 3<\/h3>\n\n\n\n<div class=\"wp-block-image\"><figure class=\"aligncenter size-large\"><img decoding=\"async\" src=\"https:\/\/d5m0vnpvja3z4.cloudfront.net\/assets\/blted61499e6bef1354\/worldbuilding_thumbnail.jpg\" alt=\"\"\/><figcaption>Ders \u0130\u00e7eri\u011fi \u0130\u00e7in G\u00f6rsele T\u0131klay\u0131n<\/figcaption><\/figure><\/div>\n<\/div>\n<\/div>\n\n\n\n<div class=\"wp-block-columns is-layout-flex wp-container-core-columns-is-layout-3 wp-block-columns-is-layout-flex\">\n<div class=\"wp-block-column is-layout-flow wp-block-column-is-layout-flow\">\n<h3 class=\"has-text-align-center wp-block-heading\">Lua Dili 3<\/h3>\n\n\n\n<div class=\"wp-block-image\"><figure class=\"aligncenter size-large\"><img decoding=\"async\" src=\"https:\/\/d5m0vnpvja3z4.cloudfront.net\/assets\/blt2e4c04c7821e7b2e\/MultipleParametersThumbnail.png\" alt=\"\"\/><figcaption>Ders \u0130\u00e7eri\u011fi \u0130\u00e7in G\u00f6rsele T\u0131klay\u0131n<\/figcaption><\/figure><\/div>\n<\/div>\n\n\n\n<div class=\"wp-block-column is-layout-flow wp-block-column-is-layout-flow\">\n<h3 class=\"has-text-align-center wp-block-heading\">Lua Dili 4<\/h3>\n\n\n\n<div class=\"wp-block-image\"><figure class=\"aligncenter size-large\"><img decoding=\"async\" src=\"https:\/\/d5m0vnpvja3z4.cloudfront.net\/assets\/blt2e4c04c7821e7b2e\/MultipleParametersThumbnail.png\" alt=\"\"\/><figcaption>Ders \u0130\u00e7eri\u011fi \u0130\u00e7in G\u00f6rsele T\u0131klay\u0131n<\/figcaption><\/figure><\/div>\n<\/div>\n\n\n\n<div class=\"wp-block-column is-layout-flow wp-block-column-is-layout-flow\">\n<h3 class=\"has-text-align-center wp-block-heading\">Bitirme Projesi<\/h3>\n\n\n\n<div class=\"wp-block-image\"><figure class=\"aligncenter size-large\"><img decoding=\"async\" src=\"https:\/\/d5m0vnpvja3z4.cloudfront.net\/assets\/blted61499e6bef1354\/worldbuilding_thumbnail.jpg\" alt=\"\"\/><figcaption>Ders \u0130\u00e7eri\u011fi \u0130\u00e7in G\u00f6rsele T\u0131klay\u0131n<\/figcaption><\/figure><\/div>\n<\/div>\n<\/div>\n\n\n\n<p><\/p>\n","protected":false},"excerpt":{"rendered":"<p>E\u011fitim Serisi Roblox platformunu kullanarak kod yazmay\u0131, yeni d\u00fcnyalar tasarlamay\u0131 ve giri\u015fimcilik becerilerini \u00f6\u011frenmeyi \u00f6\u011freten ad\u0131m ad\u0131m projeler. Bu materyaller Creative Commons Lisans\u0131 alt\u0131nda payla\u015f\u0131l\u0131r &hellip; <\/p>\n","protected":false},"author":1,"featured_media":0,"parent":0,"menu_order":0,"comment_status":"closed","ping_status":"closed","template":"","meta":{"footnotes":""},"class_list":["post-15","page","type-page","status-publish","hentry"],"_links":{"self":[{"href":"http:\/\/www.robloxkodlama.com\/index.php\/wp-json\/wp\/v2\/pages\/15","targetHints":{"allow":["GET"]}}],"collection":[{"href":"http:\/\/www.robloxkodlama.com\/index.php\/wp-json\/wp\/v2\/pages"}],"about":[{"href":"http:\/\/www.robloxkodlama.com\/index.php\/wp-json\/wp\/v2\/types\/page"}],"author":[{"embeddable":true,"href":"http:\/\/www.robloxkodlama.com\/index.php\/wp-json\/wp\/v2\/users\/1"}],"replies":[{"embeddable":true,"href":"http:\/\/www.robloxkodlama.com\/index.php\/wp-json\/wp\/v2\/comments?post=15"}],"version-history":[{"count":36,"href":"http:\/\/www.robloxkodlama.com\/index.php\/wp-json\/wp\/v2\/pages\/15\/revisions"}],"predecessor-version":[{"id":149,"href":"http:\/\/www.robloxkodlama.com\/index.php\/wp-json\/wp\/v2\/pages\/15\/revisions\/149"}],"wp:attachment":[{"href":"http:\/\/www.robloxkodlama.com\/index.php\/wp-json\/wp\/v2\/media?parent=15"}],"curies":[{"name":"wp","href":"https:\/\/api.w.org\/{rel}","templated":true}]}}